{"id":1046,"date":"2025-02-10T18:56:33","date_gmt":"2025-02-10T18:56:33","guid":{"rendered":"https:\/\/biohackspa.com\/?page_id=1046"},"modified":"2025-07-30T22:16:47","modified_gmt":"2025-07-30T22:16:47","slug":"biohack-cafe","status":"publish","type":"page","link":"https:\/\/biohackspa.com\/es_mx\/biohack-cafe\/","title":{"rendered":"Biohack Cafe"},"content":{"rendered":"<div data-elementor-type=\"wp-page\" data-elementor-id=\"1046\" class=\"elementor elementor-1046\" data-elementor-post-type=\"page\">\n\t\t\t\t<div class=\"elementor-element elementor-element-c9741fc e-flex e-con-boxed e-con e-parent\" data-id=\"c9741fc\" data-element_type=\"container\" data-e-type=\"container\" data-settings=\"{&quot;background_background&quot;:&quot;classic&quot;}\">\n\t\t\t\t\t<div class=\"e-con-inner\">\n\t\t<div class=\"elementor-element elementor-element-e2a564d e-con-full e-flex e-con e-child\" data-id=\"e2a564d\" data-element_type=\"container\" data-e-type=\"container\">\n\t\t\t\t<div class=\"elementor-element elementor-element-bc3aa32 elementor-widget elementor-widget-image\" data-id=\"bc3aa32\" data-element_type=\"widget\" data-e-type=\"widget\" data-widget_type=\"image.default\">\n\t\t\t\t<div class=\"elementor-widget-container\">\n\t\t\t\t\t\t\t\t\t\t\t\t\t\t\t<img fetchpriority=\"high\" decoding=\"async\" width=\"800\" height=\"187\" src=\"https:\/\/biohackspa.com\/wp-content\/uploads\/2025\/01\/logo-recortado-1024x239.png\" class=\"attachment-large size-large wp-image-334\" alt=\"\" srcset=\"https:\/\/biohackspa.com\/wp-content\/uploads\/2025\/01\/logo-recortado-1024x239.png 1024w, https:\/\/biohackspa.com\/wp-content\/uploads\/2025\/01\/logo-recortado-300x70.png 300w, https:\/\/biohackspa.com\/wp-content\/uploads\/2025\/01\/logo-recortado-768x179.png 768w, https:\/\/biohackspa.com\/wp-content\/uploads\/2025\/01\/logo-recortado-1536x359.png 1536w, https:\/\/biohackspa.com\/wp-content\/uploads\/2025\/01\/logo-recortado-2048x478.png 2048w\" sizes=\"(max-width: 800px) 100vw, 800px\" \/>\t\t\t\t\t\t\t\t\t\t\t\t\t\t\t<\/div>\n\t\t\t\t<\/div>\n\t\t\t\t<\/div>\n\t\t<div class=\"elementor-element elementor-element-7f96fa4 e-con-full e-flex e-con e-child\" data-id=\"7f96fa4\" data-element_type=\"container\" data-e-type=\"container\">\n\t\t\t\t<div class=\"elementor-element elementor-element-29c1d1d elementor-nav-menu--dropdown-tablet elementor-nav-menu__text-align-aside elementor-nav-menu--toggle elementor-nav-menu--burger elementor-widget elementor-widget-nav-menu\" data-id=\"29c1d1d\" data-element_type=\"widget\" data-e-type=\"widget\" data-settings=\"{&quot;layout&quot;:&quot;horizontal&quot;,&quot;submenu_icon&quot;:{&quot;value&quot;:&quot;&lt;svg class=\\&quot;e-font-icon-svg e-fas-caret-down\\&quot; viewBox=\\&quot;0 0 320 512\\&quot; xmlns=\\&quot;http:\\\/\\\/www.w3.org\\\/2000\\\/svg\\&quot;&gt;&lt;path d=\\&quot;M31.3 192h257.3c17.8 0 26.7 21.5 14.1 34.1L174.1 354.8c-7.8 7.8-20.5 7.8-28.3 0L17.2 226.1C4.6 213.5 13.5 192 31.3 192z\\&quot;&gt;&lt;\\\/path&gt;&lt;\\\/svg&gt;&quot;,&quot;library&quot;:&quot;fa-solid&quot;},&quot;toggle&quot;:&quot;burger&quot;}\" data-widget_type=\"nav-menu.default\">\n\t\t\t\t<div class=\"elementor-widget-container\">\n\t\t\t\t\t\t\t\t<nav aria-label=\"Menu\" class=\"elementor-nav-menu--main elementor-nav-menu__container elementor-nav-menu--layout-horizontal e--pointer-underline e--animation-fade\">\n\t\t\t\t<ul id=\"menu-1-29c1d1d\" class=\"elementor-nav-menu\"><li class=\"menu-item menu-item-type-custom menu-item-object-custom menu-item-706\"><a href=\"https:\/\/biohackspa.com\/es_mx\/\" class=\"elementor-item\">Inicio<\/a><\/li>\n<li class=\"menu-item menu-item-type-custom menu-item-object-custom menu-item-707\"><a href=\"https:\/\/biohackspa.com\/es_mx\/#services\" class=\"elementor-item elementor-item-anchor\">Servicios<\/a><\/li>\n<li class=\"menu-item menu-item-type-custom menu-item-object-custom menu-item-708\"><a href=\"https:\/\/biohackspa.com\/es_mx\/#amenities\" class=\"elementor-item elementor-item-anchor\">Amenidades<\/a><\/li>\n<li class=\"menu-item menu-item-type-custom menu-item-object-custom menu-item-709\"><a href=\"https:\/\/biohackspa.com\/es_mx\/?page_id=1046\" class=\"elementor-item\">Biohack Caf\u00e9<\/a><\/li>\n<li class=\"menu-item menu-item-type-custom menu-item-object-custom menu-item-710\"><a href=\"https:\/\/biohackspa.com\/es_mx\/?page_id=1057\" class=\"elementor-item\">Tienda Biohack<\/a><\/li>\n<li class=\"menu-item menu-item-type-custom menu-item-object-custom menu-item-711\"><a href=\"https:\/\/biohackspa.com\/es_mx\/#memberships\" class=\"elementor-item elementor-item-anchor\">Membres\u00eda<\/a><\/li>\n<\/ul>\t\t\t<\/nav>\n\t\t\t\t\t<div class=\"elementor-menu-toggle\" role=\"button\" tabindex=\"0\" aria-label=\"Menu Toggle\" aria-expanded=\"false\">\n\t\t\t<svg aria-hidden=\"true\" role=\"presentation\" class=\"elementor-menu-toggle__icon--open e-font-icon-svg e-eicon-menu-bar\" viewbox=\"0 0 1000 1000\" xmlns=\"http:\/\/www.w3.org\/2000\/svg\"><path d=\"M104 333H896C929 333 958 304 958 271S929 208 896 208H104C71 208 42 237 42 271S71 333 104 333ZM104 583H896C929 583 958 554 958 521S929 458 896 458H104C71 458 42 487 42 521S71 583 104 583ZM104 833H896C929 833 958 804 958 771S929 708 896 708H104C71 708 42 737 42 771S71 833 104 833Z\"><\/path><\/svg><svg aria-hidden=\"true\" role=\"presentation\" class=\"elementor-menu-toggle__icon--close e-font-icon-svg e-eicon-close\" viewbox=\"0 0 1000 1000\" xmlns=\"http:\/\/www.w3.org\/2000\/svg\"><path d=\"M742 167L500 408 258 167C246 154 233 150 217 150 196 150 179 158 167 167 154 179 150 196 150 212 150 229 154 242 171 254L408 500 167 742C138 771 138 800 167 829 196 858 225 858 254 829L496 587 738 829C750 842 767 846 783 846 800 846 817 842 829 829 842 817 846 804 846 783 846 767 842 750 829 737L588 500 833 258C863 229 863 200 833 171 804 137 775 137 742 167Z\"><\/path><\/svg>\t\t<\/div>\n\t\t\t\t\t<nav class=\"elementor-nav-menu--dropdown elementor-nav-menu__container\" aria-hidden=\"true\">\n\t\t\t\t<ul id=\"menu-2-29c1d1d\" class=\"elementor-nav-menu\"><li class=\"menu-item menu-item-type-custom menu-item-object-custom menu-item-706\"><a href=\"https:\/\/biohackspa.com\/es_mx\/\" class=\"elementor-item\" tabindex=\"-1\">Inicio<\/a><\/li>\n<li class=\"menu-item menu-item-type-custom menu-item-object-custom menu-item-707\"><a href=\"https:\/\/biohackspa.com\/es_mx\/#services\" class=\"elementor-item elementor-item-anchor\" tabindex=\"-1\">Servicios<\/a><\/li>\n<li class=\"menu-item menu-item-type-custom menu-item-object-custom menu-item-708\"><a href=\"https:\/\/biohackspa.com\/es_mx\/#amenities\" class=\"elementor-item elementor-item-anchor\" tabindex=\"-1\">Amenidades<\/a><\/li>\n<li class=\"menu-item menu-item-type-custom menu-item-object-custom menu-item-709\"><a href=\"https:\/\/biohackspa.com\/es_mx\/?page_id=1046\" class=\"elementor-item\" tabindex=\"-1\">Biohack Caf\u00e9<\/a><\/li>\n<li class=\"menu-item menu-item-type-custom menu-item-object-custom menu-item-710\"><a href=\"https:\/\/biohackspa.com\/es_mx\/?page_id=1057\" class=\"elementor-item\" tabindex=\"-1\">Tienda Biohack<\/a><\/li>\n<li class=\"menu-item menu-item-type-custom menu-item-object-custom menu-item-711\"><a href=\"https:\/\/biohackspa.com\/es_mx\/#memberships\" class=\"elementor-item elementor-item-anchor\" tabindex=\"-1\">Membres\u00eda<\/a><\/li>\n<\/ul>\t\t\t<\/nav>\n\t\t\t\t\t\t<\/div>\n\t\t\t\t<\/div>\n\t\t\t\t<\/div>\n\t\t<div class=\"elementor-element elementor-element-22c7ece e-con-full e-flex e-con e-child\" data-id=\"22c7ece\" data-element_type=\"container\" data-e-type=\"container\">\n\t\t\t\t<div class=\"elementor-element elementor-element-c3356d9 elementor-align-left animated-slow elementor-invisible elementor-widget elementor-widget-button\" data-id=\"c3356d9\" data-element_type=\"widget\" data-e-type=\"widget\" data-settings=\"{&quot;_animation&quot;:&quot;fadeInRight&quot;}\" data-widget_type=\"button.default\">\n\t\t\t\t<div class=\"elementor-widget-container\">\n\t\t\t\t\t\t\t\t\t<div class=\"elementor-button-wrapper\">\n\t\t\t\t\t<a class=\"elementor-button elementor-button-link elementor-size-sm\" href=\"#contacto\">\n\t\t\t\t\t\t<span class=\"elementor-button-content-wrapper\">\n\t\t\t\t\t\t\t\t\t<span class=\"elementor-button-text\">Contact\u00e1nos<\/span>\n\t\t\t\t\t<\/span>\n\t\t\t\t\t<\/a>\n\t\t\t\t<\/div>\n\t\t\t\t\t\t\t\t<\/div>\n\t\t\t\t<\/div>\n\t\t\t\t<\/div>\n\t\t\t\t\t<\/div>\n\t\t\t\t<\/div>\n\t\t\t\t<section class=\"elementor-section elementor-top-section elementor-element elementor-element-9fef138 elementor-reverse-mobile elementor-section-boxed elementor-section-height-default elementor-section-height-default\" data-id=\"9fef138\" data-element_type=\"section\" data-e-type=\"section\" data-settings=\"{&quot;background_background&quot;:&quot;classic&quot;}\">\n\t\t\t\t\t\t\t<div class=\"elementor-background-overlay\"><\/div>\n\t\t\t\t\t\t\t<div class=\"elementor-container elementor-column-gap-no\">\n\t\t\t\t\t<div class=\"elementor-column elementor-col-50 elementor-top-column elementor-element elementor-element-7524a8c\" data-id=\"7524a8c\" data-element_type=\"column\" data-e-type=\"column\" data-settings=\"{&quot;background_background&quot;:&quot;classic&quot;}\">\n\t\t\t<div class=\"elementor-widget-wrap elementor-element-populated\">\n\t\t\t\t\t\t<div class=\"elementor-element elementor-element-7e03c12 elementor-widget-tablet__width-inherit elementor-headline--style-rotate elementor-widget elementor-widget-animated-headline\" data-id=\"7e03c12\" data-element_type=\"widget\" data-e-type=\"widget\" data-settings=\"{&quot;headline_style&quot;:&quot;rotate&quot;,&quot;animation_type&quot;:&quot;typing&quot;,&quot;rotate_iteration_delay&quot;:2500}\" data-widget_type=\"animated-headline.default\">\n\t\t\t\t<div class=\"elementor-widget-container\">\n\t\t\t\t\t\t\t<h2 class=\"elementor-headline elementor-headline-animation-type-typing elementor-headline-letters\">\n\t\t\t\t\t<span class=\"elementor-headline-plain-text elementor-headline-text-wrapper\">Biohack Caf\u00e9<\/span>\n\t\t\t\t<span class=\"elementor-headline-dynamic-wrapper elementor-headline-text-wrapper\">\n\t\t\t\t<\/span>\n\t\t\t\t<\/h2>\n\t\t\t\t\t\t<\/div>\n\t\t\t\t<\/div>\n\t\t\t\t<div class=\"elementor-element elementor-element-d4d9edb elementor-widget elementor-widget-text-editor\" data-id=\"d4d9edb\" data-element_type=\"widget\" data-e-type=\"widget\" data-widget_type=\"text-editor.default\">\n\t\t\t\t<div class=\"elementor-widget-container\">\n\t\t\t\t\t\t\t\t\t<p><span lang=\"EN-US\">Un Biohack Caf\u00e9 que se especializa en alimentos y bebidas saludables y es un espacio vibrante dise\u00f1ado para nutrir el cuerpo mientras mejora la claridad mental y el bienestar general. La cafeter\u00eda se enfoca en ofrecer un men\u00fa que integra los principios del biohacking, combinando ingredientes nutritivos con m\u00e9todos de cocina innovadores para maximizar los beneficios para la salud. <\/span><\/p><p><span lang=\"EN-US\">La oferta de la cafeter\u00eda incluye una variedad de ingredientes org\u00e1nicos de origen local, como batidos de superalimentos, tazones ricos en nutrientes y comidas a base de plantas ricas en vitaminas, minerales y antioxidantes. Cada plato est\u00e1 cuidadosamente elaborado para respaldar los niveles de energ\u00eda, reducir la inflamaci\u00f3n y promover un rendimiento \u00f3ptimo. Por ejemplo, los batidos pueden estar enriquecidos con adapt\u00f3genos, col\u00e1geno o probi\u00f3ticos, mientras que los tazones pueden cargarse con una mezcla de cereales, verduras y grasas saludables.<br \/><\/span><\/p><p>\u00a0<\/p>\t\t\t\t\t\t\t\t<\/div>\n\t\t\t\t<\/div>\n\t\t\t\t\t<\/div>\n\t\t<\/div>\n\t\t\t\t<div class=\"elementor-column elementor-col-50 elementor-top-column elementor-element elementor-element-b51d36b\" data-id=\"b51d36b\" data-element_type=\"column\" data-e-type=\"column\" data-settings=\"{&quot;background_background&quot;:&quot;classic&quot;}\">\n\t\t\t<div class=\"elementor-widget-wrap\">\n\t\t\t\t\t\t\t<\/div>\n\t\t<\/div>\n\t\t\t\t\t<\/div>\n\t\t<\/section>\n\t\t<div class=\"elementor-element elementor-element-38b7434 e-grid e-con-boxed e-con e-parent\" data-id=\"38b7434\" data-element_type=\"container\" data-e-type=\"container\">\n\t\t\t\t\t<div class=\"e-con-inner\">\n\t\t\t\t<div class=\"elementor-element elementor-element-7da9b9c elementor-widget elementor-widget-image\" data-id=\"7da9b9c\" data-element_type=\"widget\" data-e-type=\"widget\" data-widget_type=\"image.default\">\n\t\t\t\t<div class=\"elementor-widget-container\">\n\t\t\t\t\t\t\t\t\t\t\t\t\t\t\t<img decoding=\"async\" src=\"https:\/\/biohackspa.com\/wp-content\/uploads\/elementor\/thumbs\/DSC07381-scaled-r9jepdkssdxo9wi38jeu4swoulav79aeba3z3s72uk.jpg\" title=\"DSC07381\" alt=\"DSC07381\" loading=\"lazy\" \/>\t\t\t\t\t\t\t\t\t\t\t\t\t\t\t<\/div>\n\t\t\t\t<\/div>\n\t\t\t\t<div class=\"elementor-element elementor-element-670c53c elementor-widget elementor-widget-text-editor\" data-id=\"670c53c\" data-element_type=\"widget\" data-e-type=\"widget\" data-widget_type=\"text-editor.default\">\n\t\t\t\t<div class=\"elementor-widget-container\">\n\t\t\t\t\t\t\t\t\t<p><br \/><br \/>Adem\u00e1s de la comida, la cafeter\u00eda suele ofrecer una variedad de bebidas saludables, como jugos prensados \u200b\u200ben fr\u00edo, infusiones de hierbas y alternativas al caf\u00e9 con ingredientes funcionales como champi\u00f1ones, c\u00farcuma o matcha. Estas bebidas est\u00e1n dise\u00f1adas no s\u00f3lo para hidratar sino tambi\u00e9n para proporcionar beneficios espec\u00edficos para la salud, como aumentar la inmunidad o mejorar la concentraci\u00f3n.<\/p><p>El ambiente del Biohack Caf\u00e9 es moderno y acogedor, lo que anima a los clientes a relajarse y disfrutar de sus comidas mientras entablan conversaciones sobre salud y bienestar. Pronto esperamos organizar talleres y eventos centrados en nutrici\u00f3n, atenci\u00f3n plena y desarrollo personal, creando una atm\u00f3sfera comunitaria que promueva el bienestar integral.<\/p>\t\t\t\t\t\t\t\t<\/div>\n\t\t\t\t<\/div>\n\t\t\t\t\t<\/div>\n\t\t\t\t<\/div>\n\t\t\t\t<\/div>","protected":false},"excerpt":{"rendered":"<p>Contact Us Biohack Caf\u00e9 A Biohack Caf\u00e9 specializing in healthy food and drinks and is a vibrant space designed to nourish the body while enhancing mental clarity and overall well-being. The caf\u00e9 focuses on providing a menu that integrates the principles of biohacking, combining nutritious ingredients with innovative cooking methods to maximize health benefits. The [&hellip;]<\/p>","protected":false},"author":1,"featured_media":0,"parent":0,"menu_order":0,"comment_status":"closed","ping_status":"closed","template":"elementor_canvas","meta":{"footnotes":""},"class_list":["post-1046","page","type-page","status-publish","hentry"],"_links":{"self":[{"href":"https:\/\/biohackspa.com\/es_mx\/wp-json\/wp\/v2\/pages\/1046","targetHints":{"allow":["GET"]}}],"collection":[{"href":"https:\/\/biohackspa.com\/es_mx\/wp-json\/wp\/v2\/pages"}],"about":[{"href":"https:\/\/biohackspa.com\/es_mx\/wp-json\/wp\/v2\/types\/page"}],"author":[{"embeddable":true,"href":"https:\/\/biohackspa.com\/es_mx\/wp-json\/wp\/v2\/users\/1"}],"replies":[{"embeddable":true,"href":"https:\/\/biohackspa.com\/es_mx\/wp-json\/wp\/v2\/comments?post=1046"}],"version-history":[{"count":34,"href":"https:\/\/biohackspa.com\/es_mx\/wp-json\/wp\/v2\/pages\/1046\/revisions"}],"predecessor-version":[{"id":1454,"href":"https:\/\/biohackspa.com\/es_mx\/wp-json\/wp\/v2\/pages\/1046\/revisions\/1454"}],"wp:attachment":[{"href":"https:\/\/biohackspa.com\/es_mx\/wp-json\/wp\/v2\/media?parent=1046"}],"curies":[{"name":"wp","href":"https:\/\/api.w.org\/{rel}","templated":true}]}}