{"id":1057,"date":"2025-02-10T19:18:37","date_gmt":"2025-02-10T19:18:37","guid":{"rendered":"https:\/\/biohackspa.com\/?page_id=1057"},"modified":"2025-08-31T18:51:25","modified_gmt":"2025-08-31T18:51:25","slug":"biohack-store","status":"publish","type":"page","link":"https:\/\/biohackspa.com\/es_mx\/biohack-store\/","title":{"rendered":"Tienda Biohack"},"content":{"rendered":"<div data-elementor-type=\"wp-page\" data-elementor-id=\"1057\" class=\"elementor elementor-1057\" data-elementor-post-type=\"page\">\n\t\t\t\t<div class=\"elementor-element elementor-element-aa30abf e-flex e-con-boxed e-con e-parent\" data-id=\"aa30abf\" data-element_type=\"container\" data-e-type=\"container\" data-settings=\"{&quot;background_background&quot;:&quot;classic&quot;}\">\n\t\t\t\t\t<div class=\"e-con-inner\">\n\t\t<div class=\"elementor-element elementor-element-6f0581f e-con-full e-flex e-con e-child\" data-id=\"6f0581f\" data-element_type=\"container\" data-e-type=\"container\">\n\t\t\t\t<div class=\"elementor-element elementor-element-e224f44 elementor-widget elementor-widget-image\" data-id=\"e224f44\" data-element_type=\"widget\" data-e-type=\"widget\" data-widget_type=\"image.default\">\n\t\t\t\t<div class=\"elementor-widget-container\">\n\t\t\t\t\t\t\t\t\t\t\t\t\t\t\t<img fetchpriority=\"high\" decoding=\"async\" width=\"800\" height=\"187\" src=\"https:\/\/biohackspa.com\/wp-content\/uploads\/2025\/01\/logo-recortado-1024x239.png\" class=\"attachment-large size-large wp-image-334\" alt=\"\" srcset=\"https:\/\/biohackspa.com\/wp-content\/uploads\/2025\/01\/logo-recortado-1024x239.png 1024w, https:\/\/biohackspa.com\/wp-content\/uploads\/2025\/01\/logo-recortado-300x70.png 300w, https:\/\/biohackspa.com\/wp-content\/uploads\/2025\/01\/logo-recortado-768x179.png 768w, https:\/\/biohackspa.com\/wp-content\/uploads\/2025\/01\/logo-recortado-1536x359.png 1536w, https:\/\/biohackspa.com\/wp-content\/uploads\/2025\/01\/logo-recortado-2048x478.png 2048w\" sizes=\"(max-width: 800px) 100vw, 800px\" \/>\t\t\t\t\t\t\t\t\t\t\t\t\t\t\t<\/div>\n\t\t\t\t<\/div>\n\t\t\t\t<\/div>\n\t\t<div class=\"elementor-element elementor-element-771b7df e-con-full e-flex e-con e-child\" data-id=\"771b7df\" data-element_type=\"container\" data-e-type=\"container\">\n\t\t\t\t<div class=\"elementor-element elementor-element-c90b90b elementor-nav-menu--dropdown-tablet elementor-nav-menu__text-align-aside elementor-nav-menu--toggle elementor-nav-menu--burger elementor-widget elementor-widget-nav-menu\" data-id=\"c90b90b\" data-element_type=\"widget\" data-e-type=\"widget\" data-settings=\"{&quot;layout&quot;:&quot;horizontal&quot;,&quot;submenu_icon&quot;:{&quot;value&quot;:&quot;&lt;svg class=\\&quot;e-font-icon-svg e-fas-caret-down\\&quot; viewBox=\\&quot;0 0 320 512\\&quot; xmlns=\\&quot;http:\\\/\\\/www.w3.org\\\/2000\\\/svg\\&quot;&gt;&lt;path d=\\&quot;M31.3 192h257.3c17.8 0 26.7 21.5 14.1 34.1L174.1 354.8c-7.8 7.8-20.5 7.8-28.3 0L17.2 226.1C4.6 213.5 13.5 192 31.3 192z\\&quot;&gt;&lt;\\\/path&gt;&lt;\\\/svg&gt;&quot;,&quot;library&quot;:&quot;fa-solid&quot;},&quot;toggle&quot;:&quot;burger&quot;}\" data-widget_type=\"nav-menu.default\">\n\t\t\t\t<div class=\"elementor-widget-container\">\n\t\t\t\t\t\t\t\t<nav aria-label=\"Menu\" class=\"elementor-nav-menu--main elementor-nav-menu__container elementor-nav-menu--layout-horizontal e--pointer-underline e--animation-fade\">\n\t\t\t\t<ul id=\"menu-1-c90b90b\" class=\"elementor-nav-menu\"><li class=\"menu-item menu-item-type-custom menu-item-object-custom menu-item-706\"><a href=\"https:\/\/biohackspa.com\/es_mx\/\" class=\"elementor-item\">Inicio<\/a><\/li>\n<li class=\"menu-item menu-item-type-custom menu-item-object-custom menu-item-707\"><a href=\"https:\/\/biohackspa.com\/es_mx\/#services\" class=\"elementor-item elementor-item-anchor\">Servicios<\/a><\/li>\n<li class=\"menu-item menu-item-type-custom menu-item-object-custom menu-item-708\"><a href=\"https:\/\/biohackspa.com\/es_mx\/#amenities\" class=\"elementor-item elementor-item-anchor\">Amenidades<\/a><\/li>\n<li class=\"menu-item menu-item-type-custom menu-item-object-custom menu-item-709\"><a href=\"https:\/\/biohackspa.com\/es_mx\/?page_id=1046\" class=\"elementor-item\">Biohack Caf\u00e9<\/a><\/li>\n<li class=\"menu-item menu-item-type-custom menu-item-object-custom menu-item-710\"><a href=\"https:\/\/biohackspa.com\/es_mx\/?page_id=1057\" class=\"elementor-item\">Tienda Biohack<\/a><\/li>\n<li class=\"menu-item menu-item-type-custom menu-item-object-custom menu-item-711\"><a href=\"https:\/\/biohackspa.com\/es_mx\/#memberships\" class=\"elementor-item elementor-item-anchor\">Membres\u00eda<\/a><\/li>\n<\/ul>\t\t\t<\/nav>\n\t\t\t\t\t<div class=\"elementor-menu-toggle\" role=\"button\" tabindex=\"0\" aria-label=\"Menu Toggle\" aria-expanded=\"false\">\n\t\t\t<svg aria-hidden=\"true\" role=\"presentation\" class=\"elementor-menu-toggle__icon--open e-font-icon-svg e-eicon-menu-bar\" viewbox=\"0 0 1000 1000\" xmlns=\"http:\/\/www.w3.org\/2000\/svg\"><path d=\"M104 333H896C929 333 958 304 958 271S929 208 896 208H104C71 208 42 237 42 271S71 333 104 333ZM104 583H896C929 583 958 554 958 521S929 458 896 458H104C71 458 42 487 42 521S71 583 104 583ZM104 833H896C929 833 958 804 958 771S929 708 896 708H104C71 708 42 737 42 771S71 833 104 833Z\"><\/path><\/svg><svg aria-hidden=\"true\" role=\"presentation\" class=\"elementor-menu-toggle__icon--close e-font-icon-svg e-eicon-close\" viewbox=\"0 0 1000 1000\" xmlns=\"http:\/\/www.w3.org\/2000\/svg\"><path d=\"M742 167L500 408 258 167C246 154 233 150 217 150 196 150 179 158 167 167 154 179 150 196 150 212 150 229 154 242 171 254L408 500 167 742C138 771 138 800 167 829 196 858 225 858 254 829L496 587 738 829C750 842 767 846 783 846 800 846 817 842 829 829 842 817 846 804 846 783 846 767 842 750 829 737L588 500 833 258C863 229 863 200 833 171 804 137 775 137 742 167Z\"><\/path><\/svg>\t\t<\/div>\n\t\t\t\t\t<nav class=\"elementor-nav-menu--dropdown elementor-nav-menu__container\" aria-hidden=\"true\">\n\t\t\t\t<ul id=\"menu-2-c90b90b\" class=\"elementor-nav-menu\"><li class=\"menu-item menu-item-type-custom menu-item-object-custom menu-item-706\"><a href=\"https:\/\/biohackspa.com\/es_mx\/\" class=\"elementor-item\" tabindex=\"-1\">Inicio<\/a><\/li>\n<li class=\"menu-item menu-item-type-custom menu-item-object-custom menu-item-707\"><a href=\"https:\/\/biohackspa.com\/es_mx\/#services\" class=\"elementor-item elementor-item-anchor\" tabindex=\"-1\">Servicios<\/a><\/li>\n<li class=\"menu-item menu-item-type-custom menu-item-object-custom menu-item-708\"><a href=\"https:\/\/biohackspa.com\/es_mx\/#amenities\" class=\"elementor-item elementor-item-anchor\" tabindex=\"-1\">Amenidades<\/a><\/li>\n<li class=\"menu-item menu-item-type-custom menu-item-object-custom menu-item-709\"><a href=\"https:\/\/biohackspa.com\/es_mx\/?page_id=1046\" class=\"elementor-item\" tabindex=\"-1\">Biohack Caf\u00e9<\/a><\/li>\n<li class=\"menu-item menu-item-type-custom menu-item-object-custom menu-item-710\"><a href=\"https:\/\/biohackspa.com\/es_mx\/?page_id=1057\" class=\"elementor-item\" tabindex=\"-1\">Tienda Biohack<\/a><\/li>\n<li class=\"menu-item menu-item-type-custom menu-item-object-custom menu-item-711\"><a href=\"https:\/\/biohackspa.com\/es_mx\/#memberships\" class=\"elementor-item elementor-item-anchor\" tabindex=\"-1\">Membres\u00eda<\/a><\/li>\n<\/ul>\t\t\t<\/nav>\n\t\t\t\t\t\t<\/div>\n\t\t\t\t<\/div>\n\t\t\t\t<\/div>\n\t\t<div class=\"elementor-element elementor-element-f808c08 e-con-full e-flex e-con e-child\" data-id=\"f808c08\" data-element_type=\"container\" data-e-type=\"container\">\n\t\t\t\t<div class=\"elementor-element elementor-element-beee131 elementor-align-left animated-slow elementor-invisible elementor-widget elementor-widget-button\" data-id=\"beee131\" data-element_type=\"widget\" data-e-type=\"widget\" data-settings=\"{&quot;_animation&quot;:&quot;fadeInRight&quot;}\" data-widget_type=\"button.default\">\n\t\t\t\t<div class=\"elementor-widget-container\">\n\t\t\t\t\t\t\t\t\t<div class=\"elementor-button-wrapper\">\n\t\t\t\t\t<a class=\"elementor-button elementor-button-link elementor-size-sm\" href=\"#contacto\">\n\t\t\t\t\t\t<span class=\"elementor-button-content-wrapper\">\n\t\t\t\t\t\t\t\t\t<span class=\"elementor-button-text\">Contact\u00e1nos<\/span>\n\t\t\t\t\t<\/span>\n\t\t\t\t\t<\/a>\n\t\t\t\t<\/div>\n\t\t\t\t\t\t\t\t<\/div>\n\t\t\t\t<\/div>\n\t\t\t\t<\/div>\n\t\t\t\t\t<\/div>\n\t\t\t\t<\/div>\n\t\t\t\t<section class=\"elementor-section elementor-top-section elementor-element elementor-element-01131f1 elementor-reverse-mobile elementor-section-boxed elementor-section-height-default elementor-section-height-default\" data-id=\"01131f1\" data-element_type=\"section\" data-e-type=\"section\" data-settings=\"{&quot;background_background&quot;:&quot;classic&quot;}\">\n\t\t\t\t\t\t\t<div class=\"elementor-background-overlay\"><\/div>\n\t\t\t\t\t\t\t<div class=\"elementor-container elementor-column-gap-no\">\n\t\t\t\t\t<div class=\"elementor-column elementor-col-50 elementor-top-column elementor-element elementor-element-6ef530d\" data-id=\"6ef530d\" data-element_type=\"column\" data-e-type=\"column\" data-settings=\"{&quot;background_background&quot;:&quot;classic&quot;}\">\n\t\t\t<div class=\"elementor-widget-wrap elementor-element-populated\">\n\t\t\t\t\t\t<div class=\"elementor-element elementor-element-35c3ccb elementor-widget-tablet__width-inherit elementor-headline--style-rotate elementor-widget elementor-widget-animated-headline\" data-id=\"35c3ccb\" data-element_type=\"widget\" data-e-type=\"widget\" data-settings=\"{&quot;headline_style&quot;:&quot;rotate&quot;,&quot;animation_type&quot;:&quot;typing&quot;,&quot;rotate_iteration_delay&quot;:2500}\" data-widget_type=\"animated-headline.default\">\n\t\t\t\t<div class=\"elementor-widget-container\">\n\t\t\t\t\t\t\t<h2 class=\"elementor-headline elementor-headline-animation-type-typing elementor-headline-letters\">\n\t\t\t\t\t<span class=\"elementor-headline-plain-text elementor-headline-text-wrapper\">Tienda Biohack<\/span>\n\t\t\t\t<span class=\"elementor-headline-dynamic-wrapper elementor-headline-text-wrapper\">\n\t\t\t\t<\/span>\n\t\t\t\t<\/h2>\n\t\t\t\t\t\t<\/div>\n\t\t\t\t<\/div>\n\t\t\t\t<div class=\"elementor-element elementor-element-04651cb elementor-widget elementor-widget-text-editor\" data-id=\"04651cb\" data-element_type=\"widget\" data-e-type=\"widget\" data-widget_type=\"text-editor.default\">\n\t\t\t\t<div class=\"elementor-widget-container\">\n\t\t\t\t\t\t\t\t\t<p><span lang=\"EN-US\">Una tienda Biohack es un espacio minorista especializado dentro del lobby del spa dedicado a ofrecer lo \u00faltimo en productos de biohacking dise\u00f1ados para mejorar la salud, el rendimiento y el bienestar general. Esta tienda sirve como una ventanilla \u00fanica para entusiastas que buscan optimizar sus capacidades f\u00edsicas y mentales a trav\u00e9s de suplementos, art\u00edculos de bienestar y accesorios de estilo de vida de \u00faltima generaci\u00f3n.<\/span><\/p><p><span lang=\"EN-US\">Nuestra selecci\u00f3n de productos incluye una amplia gama de prote\u00ednas en polvo de alta calidad, derivadas de fuentes vegetales o alimentadas con pasto, dise\u00f1adas para apoyar la recuperaci\u00f3n y el crecimiento muscular. Los probi\u00f3ticos tambi\u00e9n son un alimento b\u00e1sico, con diversas formulaciones destinadas a promover la salud intestinal y estimular el sistema inmunol\u00f3gico. Estos suplementos est\u00e1n meticulosamente seleccionados para garantizar que cumplan con los m\u00e1s altos est\u00e1ndares de eficacia y pureza.<\/span><\/p><p><span lang=\"EN-US\">In addition to nutritional supplements, the Biohack Store features a selection of topical creams and serums enriched with bioactive ingredients designed to enhance skin health and promote recovery. These products include anti-aging formulations, muscle relief balms, or hydrating creams with adaptogens, catering to the needs of health-conscious consumers.<\/span><\/p><p>La tienda tambi\u00e9n ofrece una variedad de ropa dise\u00f1ada para brindar comodidad y rendimiento, incluida ropa deportiva hecha de telas transpirables que absorben la humedad y favorecen la actividad f\u00edsica. Se encuentran disponibles accesorios como rastreadores de actividad f\u00edsica, m\u00e1scaras para dormir y gafas bloqueadoras de luz azul, todos destinados a ayudar a los miembros y hu\u00e9spedes a controlar su salud y mejorar sus rutinas diarias.<\/p><p><span lang=\"EN-US\">El ambiente de una tienda Biohack es moderno y acogedor, con personal capacitado disponible para brindar orientaci\u00f3n y recomendaciones adaptadas a las necesidades individuales.<\/span><\/p>\t\t\t\t\t\t\t\t<\/div>\n\t\t\t\t<\/div>\n\t\t\t\t\t<\/div>\n\t\t<\/div>\n\t\t\t\t<div class=\"elementor-column elementor-col-50 elementor-top-column elementor-element elementor-element-69fe04b\" data-id=\"69fe04b\" data-element_type=\"column\" data-e-type=\"column\" data-settings=\"{&quot;background_background&quot;:&quot;classic&quot;}\">\n\t\t\t<div class=\"elementor-widget-wrap\">\n\t\t\t\t\t\t\t<\/div>\n\t\t<\/div>\n\t\t\t\t\t<\/div>\n\t\t<\/section>\n\t\t\t\t<section class=\"elementor-section elementor-top-section elementor-element elementor-element-2e4ea94 elementor-section-boxed elementor-section-height-default elementor-section-height-default\" data-id=\"2e4ea94\" data-element_type=\"section\" data-e-type=\"section\" data-settings=\"{&quot;background_background&quot;:&quot;classic&quot;}\">\n\t\t\t\t\t\t<div class=\"elementor-container elementor-column-gap-no\">\n\t\t\t\t\t<div class=\"elementor-column elementor-col-100 elementor-top-column elementor-element elementor-element-e3b9485\" data-id=\"e3b9485\" data-element_type=\"column\" data-e-type=\"column\">\n\t\t\t<div class=\"elementor-widget-wrap elementor-element-populated\">\n\t\t\t\t\t\t<div class=\"elementor-element elementor-element-d32f343 elementor-widget__width-initial elementor-widget-tablet__width-inherit elementor-headline--style-highlight elementor-widget elementor-widget-animated-headline\" data-id=\"d32f343\" data-element_type=\"widget\" data-e-type=\"widget\" data-settings=\"{&quot;marker&quot;:&quot;underline&quot;,&quot;highlight_animation_duration&quot;:0,&quot;headline_style&quot;:&quot;highlight&quot;}\" data-widget_type=\"animated-headline.default\">\n\t\t\t\t<div class=\"elementor-widget-container\">\n\t\t\t\t\t\t\t<h2 class=\"elementor-headline\">\n\t\t\t\t<span class=\"elementor-headline-dynamic-wrapper elementor-headline-text-wrapper\">\n\t\t\t\t<\/span>\n\t\t\t\t<\/h2>\n\t\t\t\t\t\t<\/div>\n\t\t\t\t<\/div>\n\t\t\t\t\t<\/div>\n\t\t<\/div>\n\t\t\t\t\t<\/div>\n\t\t<\/section>\n\t\t\t\t<\/div>","protected":false},"excerpt":{"rendered":"<p>Contact Us Biohack Store A Biohack Store is a specialized retail space within the lobby of the spa dedicated to offering the latest in biohacking products designed to enhance health, performance, and overall well-being. This store serves as a one-stop shop for enthusiasts looking to optimize their physical and mental capabilities through cutting-edge supplements, wellness [&hellip;]<\/p>","protected":false},"author":1,"featured_media":0,"parent":0,"menu_order":0,"comment_status":"closed","ping_status":"closed","template":"elementor_canvas","meta":{"footnotes":""},"class_list":["post-1057","page","type-page","status-publish","hentry"],"_links":{"self":[{"href":"https:\/\/biohackspa.com\/es_mx\/wp-json\/wp\/v2\/pages\/1057","targetHints":{"allow":["GET"]}}],"collection":[{"href":"https:\/\/biohackspa.com\/es_mx\/wp-json\/wp\/v2\/pages"}],"about":[{"href":"https:\/\/biohackspa.com\/es_mx\/wp-json\/wp\/v2\/types\/page"}],"author":[{"embeddable":true,"href":"https:\/\/biohackspa.com\/es_mx\/wp-json\/wp\/v2\/users\/1"}],"replies":[{"embeddable":true,"href":"https:\/\/biohackspa.com\/es_mx\/wp-json\/wp\/v2\/comments?post=1057"}],"version-history":[{"count":34,"href":"https:\/\/biohackspa.com\/es_mx\/wp-json\/wp\/v2\/pages\/1057\/revisions"}],"predecessor-version":[{"id":1481,"href":"https:\/\/biohackspa.com\/es_mx\/wp-json\/wp\/v2\/pages\/1057\/revisions\/1481"}],"wp:attachment":[{"href":"https:\/\/biohackspa.com\/es_mx\/wp-json\/wp\/v2\/media?parent=1057"}],"curies":[{"name":"wp","href":"https:\/\/api.w.org\/{rel}","templated":true}]}}